{"id":80,"date":"2025-02-12T15:35:25","date_gmt":"2025-02-12T14:35:25","guid":{"rendered":"https:\/\/elcem-com.fr\/?page_id=80"},"modified":"2026-03-17T09:16:29","modified_gmt":"2026-03-17T08:16:29","slug":"offre-de-services","status":"publish","type":"page","link":"https:\/\/elcem-com.fr\/?page_id=80","title":{"rendered":"Offre de services"},"content":{"rendered":"\n<p class=\"wp-block-paragraph\"><br>Cybers\u00e9curit\u00e9<br>     o Technique \/ Audit<br>          \u2022 Audit de conformit\u00e9 r\u00e9glementaire<br>          \u2022 Audit de configuration<br>          \u2022 Audit d\u2019architecture (Data et t\u00e9l\u00e9phonie)<br>          \u2022 Audit de vuln\u00e9rabilit\u00e9s<br>          \u2022 Audit \u00e0 blanc ISO27001<br>          \u2022 Pentest ( test d\u2019intrusion) Boite noire<br>          \u2022 Pentest ( test d\u2019intrusion) Boite grise<br>          \u2022 Pentest ( test d\u2019intrusion) Boite blanche<br>          \u2022 Parsing de log<br>          \u2022 Communication de crise<br>     o Formation\/Coaching<br>         \u2022 Sensibilisation \u00e0 la s\u00e9curit\u00e9 informatique<br>         \u2022 Accompagnement NIS2<br>         \u2022 Accompagnement DORA<br>         \u2022 Accompagnement CRA<br>    o Gouvernance<br>        \u2022 Coach RSSI<br>        \u2022 RSSI externalis\u00e9<br>        \u2022 Mise en place d\u2019une politique de s\u00e9curit\u00e9 du syst\u00e8me d\u2019information<br>        \u2022 Mise en place d\u2019un Syst\u00e8me de management de la s\u00e9curit\u00e9 de l\u2019information<br>        \u2022 Mise en place de plans de continuit\u00e9 d\u2019activit\u00e9<br>        \u2022 Historien de Crise<br>   o Produits :<br>      \u2022 Etat de la menace sur une entreprise (DeepDataSonar)<\/p>\n\n\n\n<p class=\"wp-block-paragraph\">Application web<br>    o D\u00e9veloppement<br>        \u2022 Symfony \/ PHP<br>        \u2022 Python<br>        \u2022 \u2026<br>   o H\u00e9bergement s\u00e9curis\u00e9 3 tiers<br>      \u2022 Ubuntu<br>      \u2022 Postgres<br>       \u2022 DOCKER<br>    o Produits :<br>       \u2022 Synaptive application m\u00e9tier d\u00e9di\u00e9e aux pharmaciens.<\/p>\n\n\n\n<iframe loading=\"lazy\" \n  src=\"https:\/\/www.sparkier.io\/embed\/sparks?type=user&#038;id=ec1a6796-35ef-4467-a9fe-c1584293af55\" \n  width=\"100%\" \n  height=\"600\" \n  frameborder=\"0\"\n><\/iframe>\n\n\n\n<p class=\"wp-block-paragraph\"><\/p>\n\n\n\n<p class=\"wp-block-paragraph\"><\/p>\n\n\n\n<p class=\"wp-block-paragraph\"><\/p>\n\n\n\n<p class=\"wp-block-paragraph\"><\/p>\n","protected":false},"excerpt":{"rendered":"<p>Cybers\u00e9curit\u00e9 o Technique \/ Audit \u2022 Audit de conformit\u00e9 r\u00e9glementaire \u2022 Audit de configuration \u2022 Audit d\u2019architecture (Data et t\u00e9l\u00e9phonie) \u2022 Audit de vuln\u00e9rabilit\u00e9s \u2022 Audit \u00e0 blanc ISO27001 \u2022 Pentest ( test d\u2019intrusion) Boite noire \u2022 Pentest ( test d\u2019intrusion) Boite grise \u2022 Pentest ( test d\u2019intrusion) Boite blanche \u2022 Parsing de log \u2022 &hellip; <\/p>\n<p class=\"link-more\"><a href=\"https:\/\/elcem-com.fr\/?page_id=80\" class=\"more-link\">Continuer la lecture<span class=\"screen-reader-text\"> de &laquo;&nbsp;Offre de services&nbsp;&raquo;<\/span><\/a><\/p>\n","protected":false},"author":1,"featured_media":0,"parent":0,"menu_order":0,"comment_status":"closed","ping_status":"closed","template":"","meta":{"saved_in_kubio":false,"_crdt_document":"","om_disable_all_campaigns":false,"_monsterinsights_skip_tracking":false,"_monsterinsights_sitenote_active":false,"_monsterinsights_sitenote_note":"","_monsterinsights_sitenote_category":0,"footnotes":""},"class_list":["post-80","page","type-page","status-publish","hentry"],"aioseo_notices":[],"kubio_ai_page_context":{"short_desc":"","purpose":"general"},"jetpack_sharing_enabled":true,"_links":{"self":[{"href":"https:\/\/elcem-com.fr\/index.php?rest_route=\/wp\/v2\/pages\/80","targetHints":{"allow":["GET"]}}],"collection":[{"href":"https:\/\/elcem-com.fr\/index.php?rest_route=\/wp\/v2\/pages"}],"about":[{"href":"https:\/\/elcem-com.fr\/index.php?rest_route=\/wp\/v2\/types\/page"}],"author":[{"embeddable":true,"href":"https:\/\/elcem-com.fr\/index.php?rest_route=\/wp\/v2\/users\/1"}],"replies":[{"embeddable":true,"href":"https:\/\/elcem-com.fr\/index.php?rest_route=%2Fwp%2Fv2%2Fcomments&post=80"}],"version-history":[{"count":8,"href":"https:\/\/elcem-com.fr\/index.php?rest_route=\/wp\/v2\/pages\/80\/revisions"}],"predecessor-version":[{"id":424,"href":"https:\/\/elcem-com.fr\/index.php?rest_route=\/wp\/v2\/pages\/80\/revisions\/424"}],"wp:attachment":[{"href":"https:\/\/elcem-com.fr\/index.php?rest_route=%2Fwp%2Fv2%2Fmedia&parent=80"}],"curies":[{"name":"wp","href":"https:\/\/api.w.org\/{rel}","templated":true}]}}