{"id":25,"date":"2025-02-01T15:34:17","date_gmt":"2025-02-01T14:34:17","guid":{"rendered":"https:\/\/elcem-com.fr\/?page_id=25"},"modified":"2025-02-14T11:17:39","modified_gmt":"2025-02-14T10:17:39","slug":"contact","status":"publish","type":"page","link":"https:\/\/elcem-com.fr\/?page_id=25","title":{"rendered":"Contact"},"content":{"rendered":"\n<p class=\"wp-block-paragraph\">SASU ELCEM-COM<br>N\u00b0 SIRET : 890 878 812<br>RCS de Nanterre<br>Pr\u00e9sident : Laurent Cruz-mermy<br>Mail : contact@elcem-com.fr<br>Tel : 06-64-48-07-20<br>Cr\u00e9\u00e9e en 2021<\/p>\n\n\n\n<p class=\"wp-block-paragraph\"><\/p>\n","protected":false},"excerpt":{"rendered":"<p>SASU ELCEM-COMN\u00b0 SIRET : 890 878 812RCS de NanterrePr\u00e9sident : Laurent Cruz-mermyMail : contact@elcem-com.frTel : 06-64-48-07-20Cr\u00e9\u00e9e en 2021<\/p>\n","protected":false},"author":1,"featured_media":100,"parent":0,"menu_order":0,"comment_status":"closed","ping_status":"closed","template":"","meta":{"saved_in_kubio":false,"_crdt_document":"","om_disable_all_campaigns":false,"_monsterinsights_skip_tracking":false,"_monsterinsights_sitenote_active":false,"_monsterinsights_sitenote_note":"","_monsterinsights_sitenote_category":0,"footnotes":""},"class_list":["post-25","page","type-page","status-publish","has-post-thumbnail","hentry"],"aioseo_notices":[],"kubio_ai_page_context":{"short_desc":"","purpose":"general"},"jetpack_sharing_enabled":true,"_links":{"self":[{"href":"https:\/\/elcem-com.fr\/index.php?rest_route=\/wp\/v2\/pages\/25","targetHints":{"allow":["GET"]}}],"collection":[{"href":"https:\/\/elcem-com.fr\/index.php?rest_route=\/wp\/v2\/pages"}],"about":[{"href":"https:\/\/elcem-com.fr\/index.php?rest_route=\/wp\/v2\/types\/page"}],"author":[{"embeddable":true,"href":"https:\/\/elcem-com.fr\/index.php?rest_route=\/wp\/v2\/users\/1"}],"replies":[{"embeddable":true,"href":"https:\/\/elcem-com.fr\/index.php?rest_route=%2Fwp%2Fv2%2Fcomments&post=25"}],"version-history":[{"count":1,"href":"https:\/\/elcem-com.fr\/index.php?rest_route=\/wp\/v2\/pages\/25\/revisions"}],"predecessor-version":[{"id":33,"href":"https:\/\/elcem-com.fr\/index.php?rest_route=\/wp\/v2\/pages\/25\/revisions\/33"}],"wp:featuredmedia":[{"embeddable":true,"href":"https:\/\/elcem-com.fr\/index.php?rest_route=\/wp\/v2\/media\/100"}],"wp:attachment":[{"href":"https:\/\/elcem-com.fr\/index.php?rest_route=%2Fwp%2Fv2%2Fmedia&parent=25"}],"curies":[{"name":"wp","href":"https:\/\/api.w.org\/{rel}","templated":true}]}}