{"id":23,"date":"2025-02-01T15:34:17","date_gmt":"2025-02-01T14:34:17","guid":{"rendered":"https:\/\/elcem-com.fr\/?page_id=23"},"modified":"2025-09-11T11:16:58","modified_gmt":"2025-09-11T09:16:58","slug":"accueil","status":"publish","type":"page","link":"https:\/\/elcem-com.fr\/?page_id=23","title":{"rendered":"Accueil"},"content":{"rendered":"\n<p class=\"has-medium-font-size wp-block-paragraph\"><strong>Vous \u00eates anxieux face \u00e0 l\u2019actualit\u00e9 des arnaques et autres attaques sur les syst\u00e8mes informatiques?<br>Vous pensez que la s\u00e9curit\u00e9 informatique est hors de votre port\u00e9e?<br>Vous souhaitez \u00eatre en mesure de prouver que vous prot\u00e9ger les donn\u00e9es clients?<\/strong><br>Elcem-Com se propose, \u00e0 prix doux, de vous trouver des solutions adapt\u00e9es \u00e0 vos int\u00e9r\u00eats et vos budgets.<br>Elcem-Com vous pr\u00e9parera \u00e0 la perte totale ou partielle de votre informatique.<br>Elcem-Com vous aidera \u00e0 maintenir un niveau de suret\u00e9 et de conformit\u00e9 afin de prouver la bonne prise en compte des risques sur vos donn\u00e9es clients.<\/p>\n\n\n\n<p class=\"wp-block-paragraph\"><\/p>\n","protected":false},"excerpt":{"rendered":"<p>Vous \u00eates anxieux face \u00e0 l\u2019actualit\u00e9 des arnaques et autres attaques sur les syst\u00e8mes informatiques?Vous pensez que la s\u00e9curit\u00e9 informatique est hors de votre port\u00e9e?Vous souhaitez \u00eatre en mesure de prouver que vous prot\u00e9ger les donn\u00e9es clients?Elcem-Com se propose, \u00e0 prix doux, de vous trouver des solutions adapt\u00e9es \u00e0 vos int\u00e9r\u00eats et vos budgets.Elcem-Com vous &hellip; <\/p>\n<p class=\"link-more\"><a href=\"https:\/\/elcem-com.fr\/?page_id=23\" class=\"more-link\">Continuer la lecture<span class=\"screen-reader-text\"> de &laquo;&nbsp;Accueil&nbsp;&raquo;<\/span><\/a><\/p>\n","protected":false},"author":1,"featured_media":0,"parent":0,"menu_order":0,"comment_status":"closed","ping_status":"closed","template":"","meta":{"saved_in_kubio":false,"_crdt_document":"","om_disable_all_campaigns":false,"_monsterinsights_skip_tracking":false,"_monsterinsights_sitenote_active":false,"_monsterinsights_sitenote_note":"","_monsterinsights_sitenote_category":0,"footnotes":""},"class_list":["post-23","page","type-page","status-publish","hentry"],"aioseo_notices":[],"kubio_ai_page_context":{"short_desc":"","purpose":"general"},"jetpack_sharing_enabled":true,"_links":{"self":[{"href":"https:\/\/elcem-com.fr\/index.php?rest_route=\/wp\/v2\/pages\/23","targetHints":{"allow":["GET"]}}],"collection":[{"href":"https:\/\/elcem-com.fr\/index.php?rest_route=\/wp\/v2\/pages"}],"about":[{"href":"https:\/\/elcem-com.fr\/index.php?rest_route=\/wp\/v2\/types\/page"}],"author":[{"embeddable":true,"href":"https:\/\/elcem-com.fr\/index.php?rest_route=\/wp\/v2\/users\/1"}],"replies":[{"embeddable":true,"href":"https:\/\/elcem-com.fr\/index.php?rest_route=%2Fwp%2Fv2%2Fcomments&post=23"}],"version-history":[{"count":7,"href":"https:\/\/elcem-com.fr\/index.php?rest_route=\/wp\/v2\/pages\/23\/revisions"}],"predecessor-version":[{"id":98,"href":"https:\/\/elcem-com.fr\/index.php?rest_route=\/wp\/v2\/pages\/23\/revisions\/98"}],"wp:attachment":[{"href":"https:\/\/elcem-com.fr\/index.php?rest_route=%2Fwp%2Fv2%2Fmedia&parent=23"}],"curies":[{"name":"wp","href":"https:\/\/api.w.org\/{rel}","templated":true}]}}